{"id":6,"date":"2021-06-02T11:40:32","date_gmt":"2021-06-02T09:40:32","guid":{"rendered":"http:\/\/nowy.dekoban.pl\/?page_id=6"},"modified":"2023-10-16T10:10:32","modified_gmt":"2023-10-16T08:10:32","slug":"tworz-swoja-witryne-za-pomoca-blokow","status":"publish","type":"page","link":"https:\/\/en.dekoban.pl\/","title":{"rendered":""},"content":{"rendered":"\n<h2 class=\"wp-block-heading alignwide has-text-align-center has-text-align-wide has-gigantic-font-size\" style=\"line-height:1.1\">Welcome to Dekoban!<\/h2>\n\n\n\n<p>Dekoban Sp. z o.o. is a manufacturer of Dekoban\u00ae Premium brand static films, a leading distributor of decorative and furniture foils, and a distributor of wallpapers and interior decoration products by the British Graham&amp;Brown brand.<\/p>\n\n\n\n<p class=\"has-text-align-center\">Take a look!<\/p>\n\n\n\n<div class=\"wp-block-columns is-layout-flex wp-container-core-columns-is-layout-9d6595d7 wp-block-columns-is-layout-flex\">\n<div class=\"wp-block-column is-layout-flow wp-block-column-is-layout-flow\">\n<div class=\"wp-block-buttons alignfull is-horizontal is-content-justification-center is-layout-flex wp-container-core-buttons-is-layout-499968f5 wp-block-buttons-is-layout-flex\">\n<div class=\"wp-block-button has-custom-width wp-block-button__width-75\"><a class=\"wp-block-button__link has-white-color has-text-color has-background no-border-radius wp-element-button\" href=\"https:\/\/sklep.dekoban.pl\/\" style=\"background-color:#f58026\" target=\"_blank\" rel=\"noreferrer noopener\"><strong>Go to our online shop<\/strong><\/a><\/div>\n<\/div>\n<\/div>\n\n\n\n<div class=\"wp-block-column is-layout-flow wp-block-column-is-layout-flow\" style=\"flex-basis:0px\"><\/div>\n<\/div>\n\n\n\n<div style=\"height:100px\" aria-hidden=\"true\" class=\"wp-block-spacer\"><\/div>\n\n\n\n<div class=\"wp-block-cover alignfull is-light has-parallax\"><span aria-hidden=\"true\" class=\"wp-block-cover__background has-black-background-color has-background-dim-30 has-background-dim\"><\/span><div role=\"img\" class=\"wp-block-cover__image-background wp-image-283 has-parallax\" style=\"background-position:50% 50%;background-image:url(http:\/\/dekoban.pl\/wp-content\/uploads\/2021\/06\/dekor9.jpg)\"><\/div><div class=\"wp-block-cover__inner-container is-layout-flow wp-block-cover-is-layout-flow\">\n<p class=\"has-text-align-center has-large-font-size\">Company<\/p>\n<\/div><\/div>\n\n\n\n<div style=\"height:81px\" aria-hidden=\"true\" class=\"wp-block-spacer\"><\/div>\n\n\n\n<p><strong>Dekoban was established in 1976, initially operating under the name &#8222;Hornschuch Polska&#8221;. In November 2017, the company changed its structure and legal form, currently functioning as DEKOBAN SP. Z O.O<\/strong>.<\/p>\n\n\n\n<p>The company is a manufacturer and importer of finishing and interior decoration materials. The main field of our activity is static window films of our own brand, Dekoban\u00aePremium, and self-adhesive furniture, decorative, and window Gekkofix foils. We also offer Graham&amp;Brown\u00ae brand wallpapers and other products from the interior design category, including: children&#8217;s and youth products (Disney\u00ae \/ Marvel\u00ae) for creating unique arrangements (wallpapers, borders, stickers, frames, etc.), wall art., as well as oilcloths. <\/p>\n\n\n\n<p>Our warehouse base, the availability of a wide range of products, and cooperation with leading manufacturers mean that we can guarantee fast delivery of standard orders and effective solutions for special orders.<\/p>\n\n\n\n<p>Professionally trained staff, the diversity of assortment, and individual approach to each customer will make cooperation with us provide both sides with a lot of satisfaction.<\/p>\n\n\n\n<div style=\"height:100px\" aria-hidden=\"true\" class=\"wp-block-spacer\"><\/div>\n\n\n\n<div class=\"wp-block-cover alignfull is-light has-parallax\"><span aria-hidden=\"true\" class=\"wp-block-cover__background has-black-background-color has-background-dim-30 has-background-dim\"><\/span><div role=\"img\" class=\"wp-block-cover__image-background wp-image-245 has-parallax\" style=\"background-position:50% 50%;background-image:url(http:\/\/dekoban.pl\/wp-content\/uploads\/2021\/06\/woods2.jpg)\"><\/div><div class=\"wp-block-cover__inner-container is-layout-flow wp-block-cover-is-layout-flow\">\n<p class=\"has-text-align-center has-large-font-size\">Our brands<\/p>\n<\/div><\/div>\n\n\n\n<div style=\"height:75px\" aria-hidden=\"true\" class=\"wp-block-spacer\"><\/div>\n\n\n\n<figure class=\"wp-block-gallery has-nested-images columns-7 wp-block-gallery-1 is-layout-flex wp-block-gallery-is-layout-flex\">\n<figure class=\"wp-block-image size-large\"><img loading=\"lazy\" decoding=\"async\" width=\"387\" height=\"145\" data-id=\"78\" src=\"https:\/\/en.dekoban.pl\/wp-content\/uploads\/2021\/06\/dekoban-1.png\" alt=\"\" class=\"wp-image-78\" srcset=\"https:\/\/en.dekoban.pl\/wp-content\/uploads\/2021\/06\/dekoban-1.png 387w, https:\/\/en.dekoban.pl\/wp-content\/uploads\/2021\/06\/dekoban-1-300x112.png 300w\" sizes=\"auto, (max-width: 387px) 100vw, 387px\" \/><\/figure>\n\n\n\n<figure class=\"wp-block-image size-large\"><img loading=\"lazy\" decoding=\"async\" width=\"387\" height=\"145\" data-id=\"74\" src=\"https:\/\/en.dekoban.pl\/wp-content\/uploads\/2021\/06\/graham.png\" alt=\"\" class=\"wp-image-74\" srcset=\"https:\/\/en.dekoban.pl\/wp-content\/uploads\/2021\/06\/graham.png 387w, https:\/\/en.dekoban.pl\/wp-content\/uploads\/2021\/06\/graham-300x112.png 300w\" sizes=\"auto, (max-width: 387px) 100vw, 387px\" \/><\/figure>\n\n\n\n<figure class=\"wp-block-image size-large\"><img loading=\"lazy\" decoding=\"async\" width=\"190\" height=\"95\" data-id=\"75\" src=\"https:\/\/en.dekoban.pl\/wp-content\/uploads\/2021\/06\/gekkofix-bw-ex.png\" alt=\"\" class=\"wp-image-75\"\/><\/figure>\n\n\n\n<figure class=\"wp-block-image size-large\"><img loading=\"lazy\" decoding=\"async\" width=\"387\" height=\"145\" data-id=\"76\" src=\"https:\/\/en.dekoban.pl\/wp-content\/uploads\/2021\/06\/disney.png\" alt=\"\" class=\"wp-image-76\" srcset=\"https:\/\/en.dekoban.pl\/wp-content\/uploads\/2021\/06\/disney.png 387w, https:\/\/en.dekoban.pl\/wp-content\/uploads\/2021\/06\/disney-300x112.png 300w\" sizes=\"auto, (max-width: 387px) 100vw, 387px\" \/><\/figure>\n\n\n\n<figure class=\"wp-block-image size-large\"><img loading=\"lazy\" decoding=\"async\" width=\"1024\" height=\"412\" data-id=\"79\" src=\"https:\/\/en.dekoban.pl\/wp-content\/uploads\/2021\/06\/marvel-bw-1-1024x412.png\" alt=\"\" class=\"wp-image-79\" srcset=\"https:\/\/en.dekoban.pl\/wp-content\/uploads\/2021\/06\/marvel-bw-1-1024x412.png 1024w, https:\/\/en.dekoban.pl\/wp-content\/uploads\/2021\/06\/marvel-bw-1-300x121.png 300w, https:\/\/en.dekoban.pl\/wp-content\/uploads\/2021\/06\/marvel-bw-1-768x309.png 768w, https:\/\/en.dekoban.pl\/wp-content\/uploads\/2021\/06\/marvel-bw-1-1536x618.png 1536w, https:\/\/en.dekoban.pl\/wp-content\/uploads\/2021\/06\/marvel-bw-1.png 1600w\" sizes=\"auto, (max-width: 1024px) 100vw, 1024px\" \/><\/figure>\n<\/figure>\n\n\n\n<div style=\"height:77px\" aria-hidden=\"true\" class=\"wp-block-spacer\"><\/div>\n\n\n\n<div class=\"wp-block-cover alignfull is-light has-parallax\"><span aria-hidden=\"true\" class=\"wp-block-cover__background has-black-background-color has-background-dim-30 has-background-dim\"><\/span><div role=\"img\" class=\"wp-block-cover__image-background wp-image-81 has-parallax\" style=\"background-position:50% 50%;background-image:url(http:\/\/dekoban.pl\/wp-content\/uploads\/2021\/06\/clients.jpg)\"><\/div><div class=\"wp-block-cover__inner-container is-layout-flow wp-block-cover-is-layout-flow\">\n<p class=\"has-text-align-center has-large-font-size\">Our customers<\/p>\n<\/div><\/div>\n\n\n\n<div style=\"height:100px\" aria-hidden=\"true\" class=\"wp-block-spacer\"><\/div>\n\n\n\n<div class=\"wp-block-columns is-layout-flex wp-container-core-columns-is-layout-9d6595d7 wp-block-columns-is-layout-flex\">\n<div class=\"wp-block-column is-layout-flow wp-block-column-is-layout-flow\"><div class=\"wp-block-image\">\n<figure class=\"aligncenter size-full\"><img loading=\"lazy\" decoding=\"async\" width=\"224\" height=\"142\" src=\"http:\/\/dekoban.pl\/wp-content\/uploads\/2021\/06\/logo3.jpg\" alt=\"\" class=\"wp-image-84\"\/><\/figure>\n<\/div><\/div>\n\n\n\n<div class=\"wp-block-column is-layout-flow wp-block-column-is-layout-flow\"><div class=\"wp-block-image\">\n<figure class=\"aligncenter size-full\"><img loading=\"lazy\" decoding=\"async\" width=\"224\" height=\"142\" src=\"http:\/\/dekoban.pl\/wp-content\/uploads\/2021\/06\/logo1.jpg\" alt=\"\" class=\"wp-image-85\"\/><\/figure>\n<\/div><\/div>\n\n\n\n<div class=\"wp-block-column is-layout-flow wp-block-column-is-layout-flow\"><div class=\"wp-block-image\">\n<figure class=\"aligncenter size-full\"><img loading=\"lazy\" decoding=\"async\" width=\"224\" height=\"142\" src=\"http:\/\/dekoban.pl\/wp-content\/uploads\/2021\/06\/logo7.jpg\" alt=\"\" class=\"wp-image-86\"\/><\/figure>\n<\/div><\/div>\n\n\n\n<div class=\"wp-block-column is-layout-flow wp-block-column-is-layout-flow\"><div class=\"wp-block-image\">\n<figure class=\"aligncenter size-full\"><img loading=\"lazy\" decoding=\"async\" width=\"224\" height=\"142\" src=\"http:\/\/dekoban.pl\/wp-content\/uploads\/2021\/06\/logo6.jpg\" alt=\"\" class=\"wp-image-87\"\/><\/figure>\n<\/div><\/div>\n<\/div>\n\n\n\n<p><strong>Dekoban supplies home d\u00e9cor products to both the largest DIY chains (OBI, Leroy Merlin, Bricomarch\u00e9, PSB Mr\u00f3wka, etc.), supermarkets (Leclerc), and importers, as well as local wholesalers, specialised retailers, and home d\u00e9cor shops throughout Poland.<\/strong><\/p>\n\n\n\n<p>Many years of experience, professional service and high quality of the offered products, allowed us to gain many customers in Poland and abroad.<\/p>\n\n\n\n<p>We also invite contractors, investors of buildings and architectural studios to cooperate with us.<\/p>\n\n\n\n<div style=\"height:50px\" aria-hidden=\"true\" class=\"wp-block-spacer\"><\/div>\n\n\n\n<div class=\"wp-block-buttons is-horizontal is-content-justification-center is-layout-flex wp-container-core-buttons-is-layout-499968f5 wp-block-buttons-is-layout-flex\">\n<div class=\"wp-block-button has-custom-width wp-block-button__width-50\"><a class=\"wp-block-button__link has-white-color has-luminous-vivid-orange-background-color has-text-color has-background no-border-radius wp-element-button\" href=\"http:\/\/nowy.dekoban.pl\/index.php\/kontakt\/\"><strong>Contact us<\/strong><\/a><\/div>\n<\/div>\n","protected":false},"excerpt":{"rendered":"<p>Welcome to Dekoban! Dekoban Sp. z o.o. is a manufacturer of Dekoban\u00ae Premium brand static films, a leading distributor of decorative and furniture foils, and a distributor of wallpapers and interior decoration products by the British Graham&amp;Brown brand. Take a look! Dekoban was established in 1976, initially operating under the name &#8222;Hornschuch Polska&#8221;. In November [&hellip;]<\/p>\n","protected":false},"author":1,"featured_media":0,"parent":0,"menu_order":0,"comment_status":"closed","ping_status":"closed","template":"","meta":{"kt_blocks_editor_width":"","footnotes":""},"class_list":["post-6","page","type-page","status-publish","hentry"],"_links":{"self":[{"href":"https:\/\/en.dekoban.pl\/index.php\/wp-json\/wp\/v2\/pages\/6","targetHints":{"allow":["GET"]}}],"collection":[{"href":"https:\/\/en.dekoban.pl\/index.php\/wp-json\/wp\/v2\/pages"}],"about":[{"href":"https:\/\/en.dekoban.pl\/index.php\/wp-json\/wp\/v2\/types\/page"}],"author":[{"embeddable":true,"href":"https:\/\/en.dekoban.pl\/index.php\/wp-json\/wp\/v2\/users\/1"}],"replies":[{"embeddable":true,"href":"https:\/\/en.dekoban.pl\/index.php\/wp-json\/wp\/v2\/comments?post=6"}],"version-history":[{"count":32,"href":"https:\/\/en.dekoban.pl\/index.php\/wp-json\/wp\/v2\/pages\/6\/revisions"}],"predecessor-version":[{"id":541,"href":"https:\/\/en.dekoban.pl\/index.php\/wp-json\/wp\/v2\/pages\/6\/revisions\/541"}],"wp:attachment":[{"href":"https:\/\/en.dekoban.pl\/index.php\/wp-json\/wp\/v2\/media?parent=6"}],"curies":[{"name":"wp","href":"https:\/\/api.w.org\/{rel}","templated":true}]}}